{"id":13,"date":"2026-04-28T19:56:56","date_gmt":"2026-04-28T19:56:56","guid":{"rendered":"https:\/\/aloustateknikservis.com.tr\/?page_id=13"},"modified":"2026-04-28T19:56:56","modified_gmt":"2026-04-28T19:56:56","slug":"iletisim","status":"publish","type":"page","link":"https:\/\/aloustateknikservis.com.tr\/?page_id=13","title":{"rendered":"\u0130leti\u015fim"},"content":{"rendered":"<p>Bize ula\u015f\u0131n. Sakarya teknik servis i\u00e7in hemen aray\u0131n.<\/p>\n","protected":false},"excerpt":{"rendered":"<p>Bize ula\u015f\u0131n. Sakarya teknik servis i\u00e7in hemen aray\u0131n.<\/p>\n","protected":false},"author":1,"featured_media":0,"parent":0,"menu_order":0,"comment_status":"closed","ping_status":"closed","template":"page-templates\/template-contact.php","meta":{"footnotes":""},"class_list":["post-13","page","type-page","status-publish","hentry"],"_links":{"self":[{"href":"https:\/\/aloustateknikservis.com.tr\/index.php?rest_route=\/wp\/v2\/pages\/13","targetHints":{"allow":["GET"]}}],"collection":[{"href":"https:\/\/aloustateknikservis.com.tr\/index.php?rest_route=\/wp\/v2\/pages"}],"about":[{"href":"https:\/\/aloustateknikservis.com.tr\/index.php?rest_route=\/wp\/v2\/types\/page"}],"author":[{"embeddable":true,"href":"https:\/\/aloustateknikservis.com.tr\/index.php?rest_route=\/wp\/v2\/users\/1"}],"replies":[{"embeddable":true,"href":"https:\/\/aloustateknikservis.com.tr\/index.php?rest_route=%2Fwp%2Fv2%2Fcomments&post=13"}],"version-history":[{"count":0,"href":"https:\/\/aloustateknikservis.com.tr\/index.php?rest_route=\/wp\/v2\/pages\/13\/revisions"}],"wp:attachment":[{"href":"https:\/\/aloustateknikservis.com.tr\/index.php?rest_route=%2Fwp%2Fv2%2Fmedia&parent=13"}],"curies":[{"name":"wp","href":"https:\/\/api.w.org\/{rel}","templated":true}]}}