{"id":8,"date":"2026-04-28T19:56:56","date_gmt":"2026-04-28T19:56:56","guid":{"rendered":"https:\/\/aloustateknikservis.com.tr\/?page_id=8"},"modified":"2026-04-28T19:56:56","modified_gmt":"2026-04-28T19:56:56","slug":"hakkimizda","status":"publish","type":"page","link":"https:\/\/aloustateknikservis.com.tr\/?page_id=8","title":{"rendered":"Hakk\u0131m\u0131zda"},"content":{"rendered":"<p>Alo Usta Teknik Servis olarak Sakarya genelinde kombi, klima ve beyaz e\u015fya cihazlar\u0131n\u0131z i\u00e7in y\u0131llard\u0131r profesyonel bak\u0131m, onar\u0131m ve teknik servis hizmeti sunuyoruz.<\/p>\n","protected":false},"excerpt":{"rendered":"<p>Alo Usta Teknik Servis olarak Sakarya genelinde kombi, klima ve beyaz e\u015fya cihazlar\u0131n\u0131z i\u00e7in y\u0131llard\u0131r profesyonel bak\u0131m, onar\u0131m ve teknik servis hizmeti sunuyoruz.<\/p>\n","protected":false},"author":1,"featured_media":0,"parent":0,"menu_order":0,"comment_status":"closed","ping_status":"closed","template":"page-templates\/template-about.php","meta":{"footnotes":""},"class_list":["post-8","page","type-page","status-publish","hentry"],"_links":{"self":[{"href":"https:\/\/aloustateknikservis.com.tr\/index.php?rest_route=\/wp\/v2\/pages\/8","targetHints":{"allow":["GET"]}}],"collection":[{"href":"https:\/\/aloustateknikservis.com.tr\/index.php?rest_route=\/wp\/v2\/pages"}],"about":[{"href":"https:\/\/aloustateknikservis.com.tr\/index.php?rest_route=\/wp\/v2\/types\/page"}],"author":[{"embeddable":true,"href":"https:\/\/aloustateknikservis.com.tr\/index.php?rest_route=\/wp\/v2\/users\/1"}],"replies":[{"embeddable":true,"href":"https:\/\/aloustateknikservis.com.tr\/index.php?rest_route=%2Fwp%2Fv2%2Fcomments&post=8"}],"version-history":[{"count":0,"href":"https:\/\/aloustateknikservis.com.tr\/index.php?rest_route=\/wp\/v2\/pages\/8\/revisions"}],"wp:attachment":[{"href":"https:\/\/aloustateknikservis.com.tr\/index.php?rest_route=%2Fwp%2Fv2%2Fmedia&parent=8"}],"curies":[{"name":"wp","href":"https:\/\/api.w.org\/{rel}","templated":true}]}}